{"id":26,"date":"2026-01-28T15:37:23","date_gmt":"2026-01-28T14:37:23","guid":{"rendered":"https:\/\/myexocam.com\/?page_id=26"},"modified":"2026-03-16T21:57:55","modified_gmt":"2026-03-16T20:57:55","slug":"shop","status":"publish","type":"page","link":"https:\/\/myexocam.com\/en\/shop\/","title":{"rendered":"Shop"},"content":{"rendered":"<div class=\"et_pb_section_0 et_pb_section et_section_regular et_block_section\">\n<div class=\"et_pb_row_0 et_pb_row et_pb_gutters2 et_block_row\">\n<div class=\"et_pb_column_0 et_pb_column et_pb_column_4_4 et-last-child et_block_column et_pb_css_mix_blend_mode_passthrough\">\n<div class=\"et_pb_text_0 et_pb_text et_pb_bg_layout_light et_pb_module et_block_module et_pb_text_align_center preset--module--divi-text--b327cbe4-b1d5-4b66-ad37-40c8f2f061ba\"><div class=\"et_pb_text_inner\"><h2>Shop<\/h2>\n<\/div><\/div>\n\n<div class=\"et_pb_shop_0 et_pb_shop et_pb_module\" data-shortcode_index=\"0\"><div class=\"woocommerce columns-4\"><ul class=\"products columns-4\">\n<li class=\"product type-product post-739 status-publish first instock product_cat-accessoires-pour-paramoteurs product_tag-cable has-post-thumbnail taxable shipping-taxable purchasable product-type-simple\">\n\t<a href=\"https:\/\/myexocam.com\/en\/product\/serre-cable-cable-clamp\/\" class=\"woocommerce-LoopProduct-link woocommerce-loop-product__link\"><span class=\"et_shop_image\"><img loading=\"lazy\" decoding=\"async\" width=\"300\" height=\"300\" src=\"https:\/\/myexocam.com\/wp-content\/uploads\/2026\/02\/Serre-cable-2021-e1621614053587-270x270-2-300x300.jpg\" class=\"attachment-woocommerce_thumbnail size-woocommerce_thumbnail\" alt=\"Serre Cable \/ Cable clamp\" \/><span class=\"et_overlay\"><\/span><\/span><h2 class=\"woocommerce-loop-product__title\">Serre Cable \/ Cable clamp<\/h2>\n\t<span class=\"price\"><span class=\"woocommerce-Price-amount amount\"><bdi>7,50&nbsp;<span class=\"woocommerce-Price-currencySymbol\">&euro;<\/span><\/bdi><\/span><\/span>\n<\/a><\/li>\n<li class=\"product type-product post-784 status-publish instock product_cat-accessoires-pour-paramoteurs product_tag-poignee has-post-thumbnail taxable shipping-taxable purchasable product-type-simple\">\n\t<a href=\"https:\/\/myexocam.com\/en\/product\/exo-ambidextre-gauchedroite\/\" class=\"woocommerce-LoopProduct-link woocommerce-loop-product__link\"><span class=\"et_shop_image\"><img loading=\"lazy\" decoding=\"async\" width=\"300\" height=\"300\" src=\"https:\/\/myexocam.com\/wp-content\/uploads\/2026\/02\/exo-shop-670x670-2-300x300.jpg\" class=\"attachment-woocommerce_thumbnail size-woocommerce_thumbnail\" alt=\"EXO Ambidextre Gauche=Droite\" \/><span class=\"et_overlay\"><\/span><\/span><h2 class=\"woocommerce-loop-product__title\">EXO Ambidextrous Left=Right<\/h2>\n\t<span class=\"price\"><span class=\"woocommerce-Price-amount amount\"><bdi>165,00&nbsp;<span class=\"woocommerce-Price-currencySymbol\">&euro;<\/span><\/bdi><\/span><\/span>\n<\/a><\/li>\n<li class=\"product type-product post-796 status-publish instock product_cat-accessoires-pour-paramoteurs product_tag-poignee has-post-thumbnail taxable shipping-taxable purchasable product-type-simple\">\n\t<a href=\"https:\/\/myexocam.com\/en\/product\/cameleon-v3-gauche\/\" class=\"woocommerce-LoopProduct-link woocommerce-loop-product__link\"><span class=\"et_shop_image\"><img loading=\"lazy\" decoding=\"async\" width=\"300\" height=\"300\" src=\"https:\/\/myexocam.com\/wp-content\/uploads\/2026\/02\/camV3-shopG-300x300.jpg\" class=\"attachment-woocommerce_thumbnail size-woocommerce_thumbnail\" alt=\"CAMELEON V3 Gauche\" \/><span class=\"et_overlay\"><\/span><\/span><h2 class=\"woocommerce-loop-product__title\">CAMELEON V3 Left<\/h2>\n\t<span class=\"price\"><span class=\"woocommerce-Price-amount amount\"><bdi>200,00&nbsp;<span class=\"woocommerce-Price-currencySymbol\">&euro;<\/span><\/bdi><\/span><\/span>\n<\/a><\/li>\n<li class=\"product type-product post-801 status-publish last instock product_cat-accessoires-pour-paramoteurs product_tag-poignee has-post-thumbnail taxable shipping-taxable purchasable product-type-simple\">\n\t<a href=\"https:\/\/myexocam.com\/en\/product\/cameleon-v3-droite\/\" class=\"woocommerce-LoopProduct-link woocommerce-loop-product__link\"><span class=\"et_shop_image\"><img loading=\"lazy\" decoding=\"async\" width=\"300\" height=\"300\" src=\"https:\/\/myexocam.com\/wp-content\/uploads\/2026\/02\/camV3-shopD-300x300.jpg\" class=\"attachment-woocommerce_thumbnail size-woocommerce_thumbnail\" alt=\"CAMELEON V3 Droite\" \/><span class=\"et_overlay\"><\/span><\/span><h2 class=\"woocommerce-loop-product__title\">CAMELEON V3 Right<\/h2>\n\t<span class=\"price\"><span class=\"woocommerce-Price-amount amount\"><bdi>200,00&nbsp;<span class=\"woocommerce-Price-currencySymbol\">&euro;<\/span><\/bdi><\/span><\/span>\n<\/a><\/li>\n<li class=\"product type-product post-804 status-publish first instock product_cat-accessoires-pour-paramoteurs product_tag-poignee has-post-thumbnail taxable shipping-taxable purchasable product-type-simple\">\n\t<a href=\"https:\/\/myexocam.com\/en\/product\/cameleon-v2-gauche\/\" class=\"woocommerce-LoopProduct-link woocommerce-loop-product__link\"><span class=\"et_shop_image\"><img loading=\"lazy\" decoding=\"async\" width=\"300\" height=\"300\" src=\"https:\/\/myexocam.com\/wp-content\/uploads\/2026\/02\/cameleon-V3-G-1-670x670-2-300x300.jpg\" class=\"attachment-woocommerce_thumbnail size-woocommerce_thumbnail\" alt=\"CAMELEON V2 Gauche\" \/><span class=\"et_overlay\"><\/span><\/span><h2 class=\"woocommerce-loop-product__title\">CAMELEON V2 Left<\/h2>\n\t<span class=\"price\"><span class=\"woocommerce-Price-amount amount\"><bdi>185,00&nbsp;<span class=\"woocommerce-Price-currencySymbol\">&euro;<\/span><\/bdi><\/span><\/span>\n<\/a><\/li>\n<li class=\"product type-product post-807 status-publish instock product_cat-accessoires-pour-paramoteurs product_tag-poignee has-post-thumbnail taxable shipping-taxable purchasable product-type-simple\">\n\t<a href=\"https:\/\/myexocam.com\/en\/product\/cameleon-v2-droite\/\" class=\"woocommerce-LoopProduct-link woocommerce-loop-product__link\"><span class=\"et_shop_image\"><img loading=\"lazy\" decoding=\"async\" width=\"300\" height=\"300\" src=\"https:\/\/myexocam.com\/wp-content\/uploads\/2026\/02\/cameleon-V3-D-1-670x670-1-300x300.jpg\" class=\"attachment-woocommerce_thumbnail size-woocommerce_thumbnail\" alt=\"CAMELEON V2 Droite\" \/><span class=\"et_overlay\"><\/span><\/span><h2 class=\"woocommerce-loop-product__title\">CAMELEON V2 Right<\/h2>\n\t<span class=\"price\"><span class=\"woocommerce-Price-amount amount\"><bdi>185,00&nbsp;<span class=\"woocommerce-Price-currencySymbol\">&euro;<\/span><\/bdi><\/span><\/span>\n<\/a><\/li>\n<li class=\"product type-product post-809 status-publish instock product_cat-accessoires-pour-paramoteurs product_tag-poignee has-post-thumbnail taxable shipping-taxable purchasable product-type-simple\">\n\t<a href=\"https:\/\/myexocam.com\/en\/product\/cameleon-v2-v3-gauche\/\" class=\"woocommerce-LoopProduct-link woocommerce-loop-product__link\"><span class=\"et_shop_image\"><img loading=\"lazy\" decoding=\"async\" width=\"300\" height=\"300\" src=\"https:\/\/myexocam.com\/wp-content\/uploads\/2026\/02\/camV3-shopG-1-300x300.jpg\" class=\"attachment-woocommerce_thumbnail size-woocommerce_thumbnail\" alt=\"CAMELEON V2 + V3 Gauche\" \/><span class=\"et_overlay\"><\/span><\/span><h2 class=\"woocommerce-loop-product__title\">CAMELEON V2 + V3 Left<\/h2>\n\t<span class=\"price\"><span class=\"woocommerce-Price-amount amount\"><bdi>220,00&nbsp;<span class=\"woocommerce-Price-currencySymbol\">&euro;<\/span><\/bdi><\/span><\/span>\n<\/a><\/li>\n<li class=\"product type-product post-812 status-publish last instock product_cat-accessoires-pour-paramoteurs product_tag-poignee has-post-thumbnail taxable shipping-taxable purchasable product-type-simple\">\n\t<a href=\"https:\/\/myexocam.com\/en\/product\/cameleon-v2-v3-droite\/\" class=\"woocommerce-LoopProduct-link woocommerce-loop-product__link\"><span class=\"et_shop_image\"><img loading=\"lazy\" decoding=\"async\" width=\"300\" height=\"300\" src=\"https:\/\/myexocam.com\/wp-content\/uploads\/2026\/02\/camV3-shopD-1-300x300.jpg\" class=\"attachment-woocommerce_thumbnail size-woocommerce_thumbnail\" alt=\"CAMELEON V2 + V3 Droite\" \/><span class=\"et_overlay\"><\/span><\/span><h2 class=\"woocommerce-loop-product__title\">CAMELEON V2 + V3 Right<\/h2>\n\t<span class=\"price\"><span class=\"woocommerce-Price-amount amount\"><bdi>220,00&nbsp;<span class=\"woocommerce-Price-currencySymbol\">&euro;<\/span><\/bdi><\/span><\/span>\n<\/a><\/li>\n<li class=\"product type-product post-814 status-publish first instock product_cat-accessoires-pour-paramoteurs product_tag-update-kit has-post-thumbnail taxable shipping-taxable purchasable product-type-simple\">\n\t<a href=\"https:\/\/myexocam.com\/en\/product\/cameleon-update-kit-v2-v3-gauche\/\" class=\"woocommerce-LoopProduct-link woocommerce-loop-product__link\"><span class=\"et_shop_image\"><img loading=\"lazy\" decoding=\"async\" width=\"300\" height=\"300\" src=\"https:\/\/myexocam.com\/wp-content\/uploads\/2026\/02\/cameleon-kitV37.jpg\" class=\"attachment-woocommerce_thumbnail size-woocommerce_thumbnail\" alt=\"CAMELEON Update Kit V2 &gt;V3 Gauche\" srcset=\"https:\/\/myexocam.com\/wp-content\/uploads\/2026\/02\/cameleon-kitV37.jpg 300w, https:\/\/myexocam.com\/wp-content\/uploads\/2026\/02\/cameleon-kitV37-150x150.jpg 150w, https:\/\/myexocam.com\/wp-content\/uploads\/2026\/02\/cameleon-kitV37-100x100.jpg 100w\" sizes=\"(max-width: 300px) 100vw, 300px\" \/><span class=\"et_overlay\"><\/span><\/span><h2 class=\"woocommerce-loop-product__title\">CAMELEON Update Kit V2 &gt;V3 Left<\/h2>\n\t<span class=\"price\"><span class=\"woocommerce-Price-amount amount\"><bdi>45,00&nbsp;<span class=\"woocommerce-Price-currencySymbol\">&euro;<\/span><\/bdi><\/span><\/span>\n<\/a><\/li>\n<li class=\"product type-product post-816 status-publish instock product_cat-accessoires-pour-paramoteurs product_tag-reverse-kit has-post-thumbnail taxable shipping-taxable purchasable product-type-simple\">\n\t<a href=\"https:\/\/myexocam.com\/en\/product\/cameleon-reverse-kit-v3-v2-gauche\/\" class=\"woocommerce-LoopProduct-link woocommerce-loop-product__link\"><span class=\"et_shop_image\"><img loading=\"lazy\" decoding=\"async\" width=\"300\" height=\"300\" src=\"https:\/\/myexocam.com\/wp-content\/uploads\/2026\/02\/cameleon-kitreverse7.jpg\" class=\"attachment-woocommerce_thumbnail size-woocommerce_thumbnail\" alt=\"CAMELEON REVERSE KIT V3 &gt; V2 Gauche\" srcset=\"https:\/\/myexocam.com\/wp-content\/uploads\/2026\/02\/cameleon-kitreverse7.jpg 300w, https:\/\/myexocam.com\/wp-content\/uploads\/2026\/02\/cameleon-kitreverse7-150x150.jpg 150w, https:\/\/myexocam.com\/wp-content\/uploads\/2026\/02\/cameleon-kitreverse7-100x100.jpg 100w\" sizes=\"(max-width: 300px) 100vw, 300px\" \/><span class=\"et_overlay\"><\/span><\/span><h2 class=\"woocommerce-loop-product__title\">CAMELEON REVERSE KIT V3 &gt; V2 Left<\/h2>\n\t<span class=\"price\"><span class=\"woocommerce-Price-amount amount\"><bdi>30,00&nbsp;<span class=\"woocommerce-Price-currencySymbol\">&euro;<\/span><\/bdi><\/span><\/span>\n<\/a><\/li>\n<li class=\"product type-product post-818 status-publish instock product_cat-accessoires-pour-paramoteurs product_tag-update-kit has-post-thumbnail taxable shipping-taxable purchasable product-type-simple\">\n\t<a href=\"https:\/\/myexocam.com\/en\/product\/cameleon-update-kit-v2-v3-droite\/\" class=\"woocommerce-LoopProduct-link woocommerce-loop-product__link\"><span class=\"et_shop_image\"><img loading=\"lazy\" decoding=\"async\" width=\"300\" height=\"300\" src=\"https:\/\/myexocam.com\/wp-content\/uploads\/2026\/02\/cameleon-kitV37.jpg\" class=\"attachment-woocommerce_thumbnail size-woocommerce_thumbnail\" alt=\"CAMELEON Update KIT V2 &gt; V3 Droite\" srcset=\"https:\/\/myexocam.com\/wp-content\/uploads\/2026\/02\/cameleon-kitV37.jpg 300w, https:\/\/myexocam.com\/wp-content\/uploads\/2026\/02\/cameleon-kitV37-150x150.jpg 150w, https:\/\/myexocam.com\/wp-content\/uploads\/2026\/02\/cameleon-kitV37-100x100.jpg 100w\" sizes=\"(max-width: 300px) 100vw, 300px\" \/><span class=\"et_overlay\"><\/span><\/span><h2 class=\"woocommerce-loop-product__title\">CAMELEON Update KIT V2 &gt; V3 Right<\/h2>\n\t<span class=\"price\"><span class=\"woocommerce-Price-amount amount\"><bdi>45,00&nbsp;<span class=\"woocommerce-Price-currencySymbol\">&euro;<\/span><\/bdi><\/span><\/span>\n<\/a><\/li>\n<li class=\"product type-product post-819 status-publish last instock product_cat-accessoires-pour-paramoteurs product_tag-reverse-kit has-post-thumbnail taxable shipping-taxable purchasable product-type-simple\">\n\t<a href=\"https:\/\/myexocam.com\/en\/product\/cameleon-reverse-kit-v3-v2-droite\/\" class=\"woocommerce-LoopProduct-link woocommerce-loop-product__link\"><span class=\"et_shop_image\"><img loading=\"lazy\" decoding=\"async\" width=\"300\" height=\"300\" src=\"https:\/\/myexocam.com\/wp-content\/uploads\/2026\/02\/cameleon-kitreverse7.jpg\" class=\"attachment-woocommerce_thumbnail size-woocommerce_thumbnail\" alt=\"CAMELEON REVERSE KIT V3 &gt; V2 Droite\" srcset=\"https:\/\/myexocam.com\/wp-content\/uploads\/2026\/02\/cameleon-kitreverse7.jpg 300w, https:\/\/myexocam.com\/wp-content\/uploads\/2026\/02\/cameleon-kitreverse7-150x150.jpg 150w, https:\/\/myexocam.com\/wp-content\/uploads\/2026\/02\/cameleon-kitreverse7-100x100.jpg 100w\" sizes=\"(max-width: 300px) 100vw, 300px\" \/><span class=\"et_overlay\"><\/span><\/span><h2 class=\"woocommerce-loop-product__title\">CAMELEON REVERSE KIT V3 &gt; V2 Right<\/h2>\n\t<span class=\"price\"><span class=\"woocommerce-Price-amount amount\"><bdi>30,00&nbsp;<span class=\"woocommerce-Price-currencySymbol\">&euro;<\/span><\/bdi><\/span><\/span>\n<\/a><\/li>\n<li class=\"product type-product post-820 status-publish first instock product_cat-accessoires-pour-paramoteurs has-post-thumbnail taxable shipping-taxable purchasable product-type-simple\">\n\t<a href=\"https:\/\/myexocam.com\/en\/product\/cameleon-pack-3-accessoires\/\" class=\"woocommerce-LoopProduct-link woocommerce-loop-product__link\"><span class=\"et_shop_image\"><img loading=\"lazy\" decoding=\"async\" width=\"300\" height=\"300\" src=\"https:\/\/myexocam.com\/wp-content\/uploads\/2026\/02\/cameleon-pack-accessoires7.jpg\" class=\"attachment-woocommerce_thumbnail size-woocommerce_thumbnail\" alt=\"CAMELEON Pack 3 Accessoires\" srcset=\"https:\/\/myexocam.com\/wp-content\/uploads\/2026\/02\/cameleon-pack-accessoires7.jpg 300w, https:\/\/myexocam.com\/wp-content\/uploads\/2026\/02\/cameleon-pack-accessoires7-150x150.jpg 150w, https:\/\/myexocam.com\/wp-content\/uploads\/2026\/02\/cameleon-pack-accessoires7-100x100.jpg 100w\" sizes=\"(max-width: 300px) 100vw, 300px\" \/><span class=\"et_overlay\"><\/span><\/span><h2 class=\"woocommerce-loop-product__title\">CAMELEON Pack 3 Accessories<\/h2>\n\t<span class=\"price\"><span class=\"woocommerce-Price-amount amount\"><bdi>54,00&nbsp;<span class=\"woocommerce-Price-currencySymbol\">&euro;<\/span><\/bdi><\/span><\/span>\n<\/a><\/li>\n<\/ul>\n<\/div><\/div>\n<\/div>\n<\/div>\n<\/div>\n\n<div class=\"et_pb_section_1 et_pb_section et_section_regular et_block_section\"><\/div>","protected":false},"excerpt":{"rendered":"","protected":false},"author":1,"featured_media":0,"parent":0,"menu_order":7,"comment_status":"closed","ping_status":"closed","template":"","meta":{"footnotes":""},"class_list":["post-26","page","type-page","status-publish","hentry"],"yoast_head":"<!-- This site is optimized with the Yoast SEO plugin v27.3 - https:\/\/yoast.com\/product\/yoast-seo-wordpress\/ -->\n<title>Shop - Exo &amp; Cameleon<\/title>\n<meta name=\"description\" content=\"Shop : vente d&#039;accessoires pour Paramoteurs. CAMELEON &amp; EXO2 poign\u00e9es d&#039;acc\u00e9l\u00e9rateur pour voler autrement !\" \/>\n<meta name=\"robots\" content=\"index, follow, max-snippet:-1, max-image-preview:large, max-video-preview:-1\" \/>\n<link rel=\"canonical\" href=\"https:\/\/myexocam.com\/en\/shop\/\" \/>\n<meta property=\"og:locale\" content=\"en_GB\" \/>\n<meta property=\"og:type\" content=\"article\" \/>\n<meta property=\"og:title\" content=\"Shop - Exo &amp; Cameleon\" \/>\n<meta property=\"og:description\" content=\"Shop : vente d&#039;accessoires pour Paramoteurs. CAMELEON &amp; EXO2 poign\u00e9es d&#039;acc\u00e9l\u00e9rateur pour voler autrement !\" \/>\n<meta property=\"og:url\" content=\"https:\/\/myexocam.com\/en\/shop\/\" \/>\n<meta property=\"og:site_name\" content=\"Exo &amp; Cameleon\" \/>\n<meta property=\"article:modified_time\" content=\"2026-03-16T20:57:55+00:00\" \/>\n<meta name=\"twitter:card\" content=\"summary_large_image\" \/>\n<script type=\"application\/ld+json\" class=\"yoast-schema-graph\">{\"@context\":\"https:\\\/\\\/schema.org\",\"@graph\":[{\"@type\":\"WebPage\",\"@id\":\"https:\\\/\\\/myexocam.com\\\/shop\\\/\",\"url\":\"https:\\\/\\\/myexocam.com\\\/shop\\\/\",\"name\":\"Shop - Exo &amp; Cameleon\",\"isPartOf\":{\"@id\":\"https:\\\/\\\/myexocam.com\\\/#website\"},\"datePublished\":\"2026-01-28T14:37:23+00:00\",\"dateModified\":\"2026-03-16T20:57:55+00:00\",\"description\":\"Shop : vente d'accessoires pour Paramoteurs. CAMELEON & EXO2 poign\u00e9es d'acc\u00e9l\u00e9rateur pour voler autrement !\",\"breadcrumb\":{\"@id\":\"https:\\\/\\\/myexocam.com\\\/shop\\\/#breadcrumb\"},\"inLanguage\":\"en-GB\",\"potentialAction\":[{\"@type\":\"ReadAction\",\"target\":[\"https:\\\/\\\/myexocam.com\\\/shop\\\/\"]}]},{\"@type\":\"BreadcrumbList\",\"@id\":\"https:\\\/\\\/myexocam.com\\\/shop\\\/#breadcrumb\",\"itemListElement\":[{\"@type\":\"ListItem\",\"position\":1,\"name\":\"Accueil\",\"item\":\"https:\\\/\\\/myexocam.com\\\/\"},{\"@type\":\"ListItem\",\"position\":2,\"name\":\"Shop\"}]},{\"@type\":\"WebSite\",\"@id\":\"https:\\\/\\\/myexocam.com\\\/#website\",\"url\":\"https:\\\/\\\/myexocam.com\\\/\",\"name\":\"Exo & Cameleon\",\"description\":\"Throttles by Aef-Gliders\",\"publisher\":{\"@id\":\"https:\\\/\\\/myexocam.com\\\/#organization\"},\"potentialAction\":[{\"@type\":\"SearchAction\",\"target\":{\"@type\":\"EntryPoint\",\"urlTemplate\":\"https:\\\/\\\/myexocam.com\\\/?s={search_term_string}\"},\"query-input\":{\"@type\":\"PropertyValueSpecification\",\"valueRequired\":true,\"valueName\":\"search_term_string\"}}],\"inLanguage\":\"en-GB\"},{\"@type\":\"Organization\",\"@id\":\"https:\\\/\\\/myexocam.com\\\/#organization\",\"name\":\"AEF\",\"url\":\"https:\\\/\\\/myexocam.com\\\/\",\"logo\":{\"@type\":\"ImageObject\",\"inLanguage\":\"en-GB\",\"@id\":\"https:\\\/\\\/myexocam.com\\\/#\\\/schema\\\/logo\\\/image\\\/\",\"url\":\"https:\\\/\\\/myexocam.com\\\/wp-content\\\/uploads\\\/2026\\\/01\\\/logo-aef_gliders.png\",\"contentUrl\":\"https:\\\/\\\/myexocam.com\\\/wp-content\\\/uploads\\\/2026\\\/01\\\/logo-aef_gliders.png\",\"width\":147,\"height\":152,\"caption\":\"AEF\"},\"image\":{\"@id\":\"https:\\\/\\\/myexocam.com\\\/#\\\/schema\\\/logo\\\/image\\\/\"},\"sameAs\":[\"https:\\\/\\\/www.youtube.com\\\/channel\\\/UCOLe49i7qbzCspp8mnpmoJg\"]}]}<\/script>\n<!-- \/ Yoast SEO plugin. -->","yoast_head_json":{"title":"Shop - Exo &amp; Cameleon","description":"Shop : vente d'accessoires pour Paramoteurs. CAMELEON & EXO2 poign\u00e9es d'acc\u00e9l\u00e9rateur pour voler autrement !","robots":{"index":"index","follow":"follow","max-snippet":"max-snippet:-1","max-image-preview":"max-image-preview:large","max-video-preview":"max-video-preview:-1"},"canonical":"https:\/\/myexocam.com\/en\/shop\/","og_locale":"en_GB","og_type":"article","og_title":"Shop - Exo &amp; Cameleon","og_description":"Shop : vente d'accessoires pour Paramoteurs. CAMELEON & EXO2 poign\u00e9es d'acc\u00e9l\u00e9rateur pour voler autrement !","og_url":"https:\/\/myexocam.com\/en\/shop\/","og_site_name":"Exo &amp; Cameleon","article_modified_time":"2026-03-16T20:57:55+00:00","twitter_card":"summary_large_image","schema":{"@context":"https:\/\/schema.org","@graph":[{"@type":"WebPage","@id":"https:\/\/myexocam.com\/shop\/","url":"https:\/\/myexocam.com\/shop\/","name":"Shop - Exo &amp; Cameleon","isPartOf":{"@id":"https:\/\/myexocam.com\/#website"},"datePublished":"2026-01-28T14:37:23+00:00","dateModified":"2026-03-16T20:57:55+00:00","description":"Shop : vente d'accessoires pour Paramoteurs. CAMELEON & EXO2 poign\u00e9es d'acc\u00e9l\u00e9rateur pour voler autrement !","breadcrumb":{"@id":"https:\/\/myexocam.com\/shop\/#breadcrumb"},"inLanguage":"en-GB","potentialAction":[{"@type":"ReadAction","target":["https:\/\/myexocam.com\/shop\/"]}]},{"@type":"BreadcrumbList","@id":"https:\/\/myexocam.com\/shop\/#breadcrumb","itemListElement":[{"@type":"ListItem","position":1,"name":"Accueil","item":"https:\/\/myexocam.com\/"},{"@type":"ListItem","position":2,"name":"Shop"}]},{"@type":"WebSite","@id":"https:\/\/myexocam.com\/#website","url":"https:\/\/myexocam.com\/","name":"Exo & Cameleon","description":"Throttles by Aef-Gliders","publisher":{"@id":"https:\/\/myexocam.com\/#organization"},"potentialAction":[{"@type":"SearchAction","target":{"@type":"EntryPoint","urlTemplate":"https:\/\/myexocam.com\/?s={search_term_string}"},"query-input":{"@type":"PropertyValueSpecification","valueRequired":true,"valueName":"search_term_string"}}],"inLanguage":"en-GB"},{"@type":"Organization","@id":"https:\/\/myexocam.com\/#organization","name":"AEF","url":"https:\/\/myexocam.com\/","logo":{"@type":"ImageObject","inLanguage":"en-GB","@id":"https:\/\/myexocam.com\/#\/schema\/logo\/image\/","url":"https:\/\/myexocam.com\/wp-content\/uploads\/2026\/01\/logo-aef_gliders.png","contentUrl":"https:\/\/myexocam.com\/wp-content\/uploads\/2026\/01\/logo-aef_gliders.png","width":147,"height":152,"caption":"AEF"},"image":{"@id":"https:\/\/myexocam.com\/#\/schema\/logo\/image\/"},"sameAs":["https:\/\/www.youtube.com\/channel\/UCOLe49i7qbzCspp8mnpmoJg"]}]}},"_links":{"self":[{"href":"https:\/\/myexocam.com\/en\/wp-json\/wp\/v2\/pages\/26","targetHints":{"allow":["GET"]}}],"collection":[{"href":"https:\/\/myexocam.com\/en\/wp-json\/wp\/v2\/pages"}],"about":[{"href":"https:\/\/myexocam.com\/en\/wp-json\/wp\/v2\/types\/page"}],"author":[{"embeddable":true,"href":"https:\/\/myexocam.com\/en\/wp-json\/wp\/v2\/users\/1"}],"replies":[{"embeddable":true,"href":"https:\/\/myexocam.com\/en\/wp-json\/wp\/v2\/comments?post=26"}],"version-history":[{"count":5,"href":"https:\/\/myexocam.com\/en\/wp-json\/wp\/v2\/pages\/26\/revisions"}],"predecessor-version":[{"id":833,"href":"https:\/\/myexocam.com\/en\/wp-json\/wp\/v2\/pages\/26\/revisions\/833"}],"wp:attachment":[{"href":"https:\/\/myexocam.com\/en\/wp-json\/wp\/v2\/media?parent=26"}],"curies":[{"name":"wp","href":"https:\/\/api.w.org\/{rel}","templated":true}]}}