{"id":199,"date":"2026-01-29T13:42:23","date_gmt":"2026-01-29T12:42:23","guid":{"rendered":"https:\/\/myexocam.com\/?page_id=199"},"modified":"2026-03-17T01:10:42","modified_gmt":"2026-03-17T00:10:42","slug":"exo-ergonomie","status":"publish","type":"page","link":"https:\/\/myexocam.com\/en\/exo-ergonomie\/","title":{"rendered":"Exo &amp; Ergonomie"},"content":{"rendered":"<div class=\"et_pb_section_0 et_pb_section et_section_regular et_flex_section\"><\/div>\n\n<div class=\"et_pb_section_1 et_pb_section et_section_regular et_flex_section\">\n<div class=\"et_pb_row_0 et_pb_row et_flex_row\">\n<div class=\"et_pb_column_0 et_pb_column et-last-child et_flex_column et_pb_css_mix_blend_mode_passthrough et_flex_column_24_24 et_flex_column_24_24_tablet et_flex_column_24_24_phone\">\n<div class=\"et_pb_image_0 et_pb_image et_pb_module et_flex_module\"><span class=\"et_pb_image_wrap\"><img loading=\"lazy\" decoding=\"async\" src=\"https:\/\/myexocam.com\/wp-content\/uploads\/2026\/01\/exo-ERGO-OK-570x428-1.jpg\" title=\"exo-ERGO-OK-570x428\" width=\"570\" height=\"428\" srcset=\"https:\/\/myexocam.com\/wp-content\/uploads\/2026\/01\/exo-ERGO-OK-570x428-1.jpg 570w, https:\/\/myexocam.com\/wp-content\/uploads\/2026\/01\/exo-ERGO-OK-570x428-1-480x360.jpg 480w\" sizes=\"(min-width: 0px) and (max-width: 480px) 480px, (min-width: 481px) 570px, 100vw\" class=\"wp-image-201\" \/><\/span><\/div>\n<\/div>\n<\/div>\n<\/div>\n\n<div class=\"et_pb_section_2 et_pb_section et_section_regular et_flex_section\">\n<div class=\"et_pb_row_1 et_pb_row et_flex_row\">\n<div class=\"et_pb_column_1 et_pb_column et-last-child et_flex_column et_pb_css_mix_blend_mode_passthrough et_flex_column_24_24 et_flex_column_24_24_tablet et_flex_column_24_24_phone\">\n<div class=\"et_pb_heading_0 et_pb_heading et_pb_module et_flex_module\"><div class=\"et_pb_heading_container\"><h1 class=\"et_pb_module_header\">Exercise &amp; Ergonomics<\/h1><\/div><\/div>\n<\/div>\n<\/div>\n<\/div>\n\n<div class=\"et_pb_section_3 et_pb_section et_section_regular et_flex_section\">\n<div class=\"et_pb_row_2 et_pb_row et_flex_row\">\n<div class=\"et_pb_column_2 et_pb_column et-last-child et_flex_column et_pb_css_mix_blend_mode_passthrough et_flex_column_24_24 et_flex_column_24_24_tablet et_flex_column_24_24_phone\">\n<div class=\"et_pb_text_0 et_pb_text et_pb_bg_layout_light et_pb_module et_flex_module\"><div class=\"et_pb_text_inner\"><p style=\"text-align: center;\">May 12, 2019<\/p>\n<p>EXO was designed to become the extension of your arm and hand. A new generation handle, designed for classical steering.\u00a0<\/p>\n<p>\u00a0<\/p>\n<\/div><\/div>\n<\/div>\n<\/div>\n<\/div>\n\n<div class=\"et_pb_section_4 et_pb_section et_section_regular et_flex_section\">\n<div class=\"et_pb_row_3 et_pb_row et_flex_row\">\n<div class=\"et_pb_column_3 et_pb_column et_flex_column et_pb_css_mix_blend_mode_passthrough et_flex_column_12_24 et_flex_column_12_24_tablet et_flex_column_24_24_phone\">\n<ul class=\"et_pb_icon_list_0 et_pb_icon_list et_pb_module et_flex_module\">\n<li class=\"et_pb_icon_list_item_0 et_pb_icon_list_item et_pb_module et_clickable et_flex_module\"><span class=\"et-pb-icon\">&lt;<\/span><div class=\"et_pb_icon_list_text\">Exo is born!<\/div><\/li>\n<\/ul>\n<\/div>\n\n<div class=\"et_pb_column_4 et_pb_column et-last-child et_flex_column et_pb_css_mix_blend_mode_passthrough et_flex_column_12_24 et_flex_column_12_24_tablet et_flex_column_24_24_phone\">\n<ul class=\"et_pb_icon_list_1 et_pb_icon_list et_pb_module et_flex_module\">\n<li class=\"et_pb_icon_list_item_1 et_pb_icon_list_item et_pb_module et_clickable et_flex_module\"><span class=\"et-pb-icon\">=<\/span><div class=\"et_pb_icon_list_text\">After 2 years of research...<\/div><\/li>\n<\/ul>\n<\/div>\n<\/div>\n<\/div>","protected":false},"excerpt":{"rendered":"","protected":false},"author":1,"featured_media":0,"parent":0,"menu_order":12,"comment_status":"closed","ping_status":"closed","template":"","meta":{"footnotes":""},"class_list":["post-199","page","type-page","status-publish","hentry"],"yoast_head":"<!-- This site is optimized with the Yoast SEO plugin v27.3 - https:\/\/yoast.com\/product\/yoast-seo-wordpress\/ -->\n<title>Exo &amp; Ergonomie - Exo &amp; Cameleon<\/title>\n<meta name=\"description\" content=\"EXO a \u00e9t\u00e9 cr\u00e9\u00e9 pour devenir le prolongement de votre bras et de votre main. Une poign\u00e9e nouvelle g\u00e9n\u00e9ration, con\u00e7ue pour un pilotage classique.\" \/>\n<meta name=\"robots\" content=\"index, follow, max-snippet:-1, max-image-preview:large, max-video-preview:-1\" \/>\n<link rel=\"canonical\" href=\"https:\/\/myexocam.com\/en\/exo-ergonomie\/\" \/>\n<meta property=\"og:locale\" content=\"en_GB\" \/>\n<meta property=\"og:type\" content=\"article\" \/>\n<meta property=\"og:title\" content=\"Exo &amp; Ergonomie - Exo &amp; Cameleon\" \/>\n<meta property=\"og:description\" content=\"EXO a \u00e9t\u00e9 cr\u00e9\u00e9 pour devenir le prolongement de votre bras et de votre main. Une poign\u00e9e nouvelle g\u00e9n\u00e9ration, con\u00e7ue pour un pilotage classique.\" \/>\n<meta property=\"og:url\" content=\"https:\/\/myexocam.com\/en\/exo-ergonomie\/\" \/>\n<meta property=\"og:site_name\" content=\"Exo &amp; Cameleon\" \/>\n<meta property=\"article:modified_time\" content=\"2026-03-17T00:10:42+00:00\" \/>\n<meta name=\"twitter:card\" content=\"summary_large_image\" \/>\n<script type=\"application\/ld+json\" class=\"yoast-schema-graph\">{\"@context\":\"https:\\\/\\\/schema.org\",\"@graph\":[{\"@type\":\"WebPage\",\"@id\":\"https:\\\/\\\/myexocam.com\\\/exo-ergonomie\\\/\",\"url\":\"https:\\\/\\\/myexocam.com\\\/exo-ergonomie\\\/\",\"name\":\"Exo &amp; Ergonomie - Exo &amp; Cameleon\",\"isPartOf\":{\"@id\":\"https:\\\/\\\/myexocam.com\\\/#website\"},\"datePublished\":\"2026-01-29T12:42:23+00:00\",\"dateModified\":\"2026-03-17T00:10:42+00:00\",\"description\":\"EXO a \u00e9t\u00e9 cr\u00e9\u00e9 pour devenir le prolongement de votre bras et de votre main. Une poign\u00e9e nouvelle g\u00e9n\u00e9ration, con\u00e7ue pour un pilotage classique.\",\"breadcrumb\":{\"@id\":\"https:\\\/\\\/myexocam.com\\\/exo-ergonomie\\\/#breadcrumb\"},\"inLanguage\":\"en-GB\",\"potentialAction\":[{\"@type\":\"ReadAction\",\"target\":[\"https:\\\/\\\/myexocam.com\\\/exo-ergonomie\\\/\"]}]},{\"@type\":\"BreadcrumbList\",\"@id\":\"https:\\\/\\\/myexocam.com\\\/exo-ergonomie\\\/#breadcrumb\",\"itemListElement\":[{\"@type\":\"ListItem\",\"position\":1,\"name\":\"Accueil\",\"item\":\"https:\\\/\\\/myexocam.com\\\/\"},{\"@type\":\"ListItem\",\"position\":2,\"name\":\"Exo &amp; Ergonomie\"}]},{\"@type\":\"WebSite\",\"@id\":\"https:\\\/\\\/myexocam.com\\\/#website\",\"url\":\"https:\\\/\\\/myexocam.com\\\/\",\"name\":\"Exo & Cameleon\",\"description\":\"Throttles by Aef-Gliders\",\"publisher\":{\"@id\":\"https:\\\/\\\/myexocam.com\\\/#organization\"},\"potentialAction\":[{\"@type\":\"SearchAction\",\"target\":{\"@type\":\"EntryPoint\",\"urlTemplate\":\"https:\\\/\\\/myexocam.com\\\/?s={search_term_string}\"},\"query-input\":{\"@type\":\"PropertyValueSpecification\",\"valueRequired\":true,\"valueName\":\"search_term_string\"}}],\"inLanguage\":\"en-GB\"},{\"@type\":\"Organization\",\"@id\":\"https:\\\/\\\/myexocam.com\\\/#organization\",\"name\":\"AEF\",\"url\":\"https:\\\/\\\/myexocam.com\\\/\",\"logo\":{\"@type\":\"ImageObject\",\"inLanguage\":\"en-GB\",\"@id\":\"https:\\\/\\\/myexocam.com\\\/#\\\/schema\\\/logo\\\/image\\\/\",\"url\":\"https:\\\/\\\/myexocam.com\\\/wp-content\\\/uploads\\\/2026\\\/01\\\/logo-aef_gliders.png\",\"contentUrl\":\"https:\\\/\\\/myexocam.com\\\/wp-content\\\/uploads\\\/2026\\\/01\\\/logo-aef_gliders.png\",\"width\":147,\"height\":152,\"caption\":\"AEF\"},\"image\":{\"@id\":\"https:\\\/\\\/myexocam.com\\\/#\\\/schema\\\/logo\\\/image\\\/\"},\"sameAs\":[\"https:\\\/\\\/www.youtube.com\\\/channel\\\/UCOLe49i7qbzCspp8mnpmoJg\"]}]}<\/script>\n<!-- \/ Yoast SEO plugin. -->","yoast_head_json":{"title":"Exo &amp; Ergonomie - Exo &amp; Cameleon","description":"EXO was designed to become the extension of your arm and hand. A new generation handle, designed for classical steering.","robots":{"index":"index","follow":"follow","max-snippet":"max-snippet:-1","max-image-preview":"max-image-preview:large","max-video-preview":"max-video-preview:-1"},"canonical":"https:\/\/myexocam.com\/en\/exo-ergonomie\/","og_locale":"en_GB","og_type":"article","og_title":"Exo &amp; Ergonomie - Exo &amp; Cameleon","og_description":"EXO a \u00e9t\u00e9 cr\u00e9\u00e9 pour devenir le prolongement de votre bras et de votre main. Une poign\u00e9e nouvelle g\u00e9n\u00e9ration, con\u00e7ue pour un pilotage classique.","og_url":"https:\/\/myexocam.com\/en\/exo-ergonomie\/","og_site_name":"Exo &amp; Cameleon","article_modified_time":"2026-03-17T00:10:42+00:00","twitter_card":"summary_large_image","schema":{"@context":"https:\/\/schema.org","@graph":[{"@type":"WebPage","@id":"https:\/\/myexocam.com\/exo-ergonomie\/","url":"https:\/\/myexocam.com\/exo-ergonomie\/","name":"Exo &amp; Ergonomie - Exo &amp; Cameleon","isPartOf":{"@id":"https:\/\/myexocam.com\/#website"},"datePublished":"2026-01-29T12:42:23+00:00","dateModified":"2026-03-17T00:10:42+00:00","description":"EXO was designed to become the extension of your arm and hand. A new generation handle, designed for classical steering.","breadcrumb":{"@id":"https:\/\/myexocam.com\/exo-ergonomie\/#breadcrumb"},"inLanguage":"en-GB","potentialAction":[{"@type":"ReadAction","target":["https:\/\/myexocam.com\/exo-ergonomie\/"]}]},{"@type":"BreadcrumbList","@id":"https:\/\/myexocam.com\/exo-ergonomie\/#breadcrumb","itemListElement":[{"@type":"ListItem","position":1,"name":"Accueil","item":"https:\/\/myexocam.com\/"},{"@type":"ListItem","position":2,"name":"Exo &amp; Ergonomie"}]},{"@type":"WebSite","@id":"https:\/\/myexocam.com\/#website","url":"https:\/\/myexocam.com\/","name":"Exo & Cameleon","description":"Throttles by Aef-Gliders","publisher":{"@id":"https:\/\/myexocam.com\/#organization"},"potentialAction":[{"@type":"SearchAction","target":{"@type":"EntryPoint","urlTemplate":"https:\/\/myexocam.com\/?s={search_term_string}"},"query-input":{"@type":"PropertyValueSpecification","valueRequired":true,"valueName":"search_term_string"}}],"inLanguage":"en-GB"},{"@type":"Organization","@id":"https:\/\/myexocam.com\/#organization","name":"AEF","url":"https:\/\/myexocam.com\/","logo":{"@type":"ImageObject","inLanguage":"en-GB","@id":"https:\/\/myexocam.com\/#\/schema\/logo\/image\/","url":"https:\/\/myexocam.com\/wp-content\/uploads\/2026\/01\/logo-aef_gliders.png","contentUrl":"https:\/\/myexocam.com\/wp-content\/uploads\/2026\/01\/logo-aef_gliders.png","width":147,"height":152,"caption":"AEF"},"image":{"@id":"https:\/\/myexocam.com\/#\/schema\/logo\/image\/"},"sameAs":["https:\/\/www.youtube.com\/channel\/UCOLe49i7qbzCspp8mnpmoJg"]}]}},"_links":{"self":[{"href":"https:\/\/myexocam.com\/en\/wp-json\/wp\/v2\/pages\/199","targetHints":{"allow":["GET"]}}],"collection":[{"href":"https:\/\/myexocam.com\/en\/wp-json\/wp\/v2\/pages"}],"about":[{"href":"https:\/\/myexocam.com\/en\/wp-json\/wp\/v2\/types\/page"}],"author":[{"embeddable":true,"href":"https:\/\/myexocam.com\/en\/wp-json\/wp\/v2\/users\/1"}],"replies":[{"embeddable":true,"href":"https:\/\/myexocam.com\/en\/wp-json\/wp\/v2\/comments?post=199"}],"version-history":[{"count":5,"href":"https:\/\/myexocam.com\/en\/wp-json\/wp\/v2\/pages\/199\/revisions"}],"predecessor-version":[{"id":516,"href":"https:\/\/myexocam.com\/en\/wp-json\/wp\/v2\/pages\/199\/revisions\/516"}],"wp:attachment":[{"href":"https:\/\/myexocam.com\/en\/wp-json\/wp\/v2\/media?parent=199"}],"curies":[{"name":"wp","href":"https:\/\/api.w.org\/{rel}","templated":true}]}}