{"id":186,"date":"2026-01-29T13:31:57","date_gmt":"2026-01-29T12:31:57","guid":{"rendered":"https:\/\/myexocam.com\/?page_id=186"},"modified":"2026-03-17T00:55:57","modified_gmt":"2026-03-16T23:55:57","slug":"exo-en-pre-commande","status":"publish","type":"page","link":"https:\/\/myexocam.com\/en\/exo-en-pre-commande\/","title":{"rendered":"Exo is available for pre-order."},"content":{"rendered":"<div class=\"et_pb_section_0 et_pb_section et_section_regular et_flex_section\"><\/div>\n\n<div class=\"et_pb_section_1 et_pb_section et_section_regular et_flex_section\">\n<div class=\"et_pb_row_0 et_pb_row et_flex_row\">\n<div class=\"et_pb_column_0 et_pb_column et-last-child et_flex_column et_pb_css_mix_blend_mode_passthrough et_flex_column_24_24 et_flex_column_24_24_tablet et_flex_column_24_24_phone\">\n<div class=\"et_pb_image_0 et_pb_image et_pb_module et_flex_module\"><span class=\"et_pb_image_wrap\"><img loading=\"lazy\" decoding=\"async\" src=\"https:\/\/myexocam.com\/wp-content\/uploads\/2026\/01\/exo-shop2-1200x675-1.jpg\" title=\"exo-shop2-1200x675\" width=\"1200\" height=\"675\" srcset=\"https:\/\/myexocam.com\/wp-content\/uploads\/2026\/01\/exo-shop2-1200x675-1.jpg 1200w, https:\/\/myexocam.com\/wp-content\/uploads\/2026\/01\/exo-shop2-1200x675-1-980x551.jpg 980w, https:\/\/myexocam.com\/wp-content\/uploads\/2026\/01\/exo-shop2-1200x675-1-480x270.jpg 480w\" sizes=\"(min-width: 0px) and (max-width: 480px) 480px, (min-width: 481px) and (max-width: 980px) 980px, (min-width: 981px) 1200px, 100vw\" class=\"wp-image-188\" \/><\/span><\/div>\n<\/div>\n<\/div>\n<\/div>\n\n<div class=\"et_pb_section_2 et_pb_section et_section_regular et_flex_section\">\n<div class=\"et_pb_row_1 et_pb_row et_flex_row\">\n<div class=\"et_pb_column_1 et_pb_column et-last-child et_flex_column et_pb_css_mix_blend_mode_passthrough et_flex_column_24_24 et_flex_column_24_24_tablet et_flex_column_24_24_phone\">\n<div class=\"et_pb_heading_0 et_pb_heading et_pb_module et_flex_module\"><div class=\"et_pb_heading_container\"><h1 class=\"et_pb_module_header\">Exo is available for pre-order.<\/h1><\/div><\/div>\n<\/div>\n<\/div>\n<\/div>\n\n<div class=\"et_pb_section_3 et_pb_section et_section_regular et_flex_section\">\n<div class=\"et_pb_row_2 et_pb_row et_flex_row\">\n<div class=\"et_pb_column_2 et_pb_column et-last-child et_flex_column et_pb_css_mix_blend_mode_passthrough et_flex_column_24_24 et_flex_column_24_24_tablet et_flex_column_24_24_phone\">\n<div class=\"et_pb_text_0 et_pb_text et_pb_bg_layout_light et_pb_module et_flex_module\"><div class=\"et_pb_text_inner\"><p style=\"text-align: center;\">May 25, 2019<\/p>\n<p>The first EXO series will be available starting June 15th.<br \/>There won't be enough for everyone yet... pre-order your Exo today!\u00a0<\/p>\n<p>&nbsp;<\/p>\n<\/div><\/div>\n<\/div>\n<\/div>\n<\/div>\n\n<div class=\"et_pb_section_4 et_pb_section et_section_regular et_flex_section\">\n<div class=\"et_pb_row_3 et_pb_row et_flex_row\">\n<div class=\"et_pb_column_3 et_pb_column et_flex_column et_pb_css_mix_blend_mode_passthrough et_flex_column_12_24 et_flex_column_12_24_tablet et_flex_column_24_24_phone\">\n<ul class=\"et_pb_icon_list_0 et_pb_icon_list et_pb_module et_flex_module\">\n<li class=\"et_pb_icon_list_item_0 et_pb_icon_list_item et_pb_module et_clickable et_flex_module\"><span class=\"et-pb-icon\">&lt;<\/span><div class=\"et_pb_icon_list_text\">After 2 years of research...<\/div><\/li>\n<\/ul>\n<\/div>\n\n<div class=\"et_pb_column_4 et_pb_column et-last-child et_flex_column et_pb_css_mix_blend_mode_passthrough et_flex_column_12_24 et_flex_column_12_24_tablet et_flex_column_24_24_phone\">\n<ul class=\"et_pb_icon_list_1 et_pb_icon_list et_pb_module et_flex_module\">\n<li class=\"et_pb_icon_list_item_1 et_pb_icon_list_item et_pb_module et_clickable et_flex_module\"><span class=\"et-pb-icon\">=<\/span><div class=\"et_pb_icon_list_text\">AEF at the Icare Cup<\/div><\/li>\n<\/ul>\n<\/div>\n<\/div>\n<\/div>","protected":false},"excerpt":{"rendered":"","protected":false},"author":1,"featured_media":0,"parent":0,"menu_order":10,"comment_status":"closed","ping_status":"closed","template":"","meta":{"footnotes":""},"class_list":["post-186","page","type-page","status-publish","hentry"],"yoast_head":"<!-- This site is optimized with the Yoast SEO plugin v27.3 - https:\/\/yoast.com\/product\/yoast-seo-wordpress\/ -->\n<title>Exo en pr\u00e9-commande - Exo &amp; Cameleon<\/title>\n<meta name=\"description\" content=\"Exo en pr\u00e9-commande : La premi\u00e8re s\u00e9rie EXO sera disponible \u00e0 partir du 15 juin.\" \/>\n<meta name=\"robots\" content=\"index, follow, max-snippet:-1, max-image-preview:large, max-video-preview:-1\" \/>\n<link rel=\"canonical\" href=\"https:\/\/myexocam.com\/en\/exo-en-pre-commande\/\" \/>\n<meta property=\"og:locale\" content=\"en_GB\" \/>\n<meta property=\"og:type\" content=\"article\" \/>\n<meta property=\"og:title\" content=\"Exo en pr\u00e9-commande - Exo &amp; Cameleon\" \/>\n<meta property=\"og:description\" content=\"Exo en pr\u00e9-commande : La premi\u00e8re s\u00e9rie EXO sera disponible \u00e0 partir du 15 juin.\" \/>\n<meta property=\"og:url\" content=\"https:\/\/myexocam.com\/en\/exo-en-pre-commande\/\" \/>\n<meta property=\"og:site_name\" content=\"Exo &amp; Cameleon\" \/>\n<meta property=\"article:modified_time\" content=\"2026-03-16T23:55:57+00:00\" \/>\n<meta name=\"twitter:card\" content=\"summary_large_image\" \/>\n<script type=\"application\/ld+json\" class=\"yoast-schema-graph\">{\"@context\":\"https:\\\/\\\/schema.org\",\"@graph\":[{\"@type\":\"WebPage\",\"@id\":\"https:\\\/\\\/myexocam.com\\\/exo-en-pre-commande\\\/\",\"url\":\"https:\\\/\\\/myexocam.com\\\/exo-en-pre-commande\\\/\",\"name\":\"Exo en pr\u00e9-commande - Exo &amp; Cameleon\",\"isPartOf\":{\"@id\":\"https:\\\/\\\/myexocam.com\\\/#website\"},\"datePublished\":\"2026-01-29T12:31:57+00:00\",\"dateModified\":\"2026-03-16T23:55:57+00:00\",\"description\":\"Exo en pr\u00e9-commande : La premi\u00e8re s\u00e9rie EXO sera disponible \u00e0 partir du 15 juin.\",\"breadcrumb\":{\"@id\":\"https:\\\/\\\/myexocam.com\\\/exo-en-pre-commande\\\/#breadcrumb\"},\"inLanguage\":\"en-GB\",\"potentialAction\":[{\"@type\":\"ReadAction\",\"target\":[\"https:\\\/\\\/myexocam.com\\\/exo-en-pre-commande\\\/\"]}]},{\"@type\":\"BreadcrumbList\",\"@id\":\"https:\\\/\\\/myexocam.com\\\/exo-en-pre-commande\\\/#breadcrumb\",\"itemListElement\":[{\"@type\":\"ListItem\",\"position\":1,\"name\":\"Accueil\",\"item\":\"https:\\\/\\\/myexocam.com\\\/\"},{\"@type\":\"ListItem\",\"position\":2,\"name\":\"Exo en pr\u00e9-commande\"}]},{\"@type\":\"WebSite\",\"@id\":\"https:\\\/\\\/myexocam.com\\\/#website\",\"url\":\"https:\\\/\\\/myexocam.com\\\/\",\"name\":\"Exo & Cameleon\",\"description\":\"Throttles by Aef-Gliders\",\"publisher\":{\"@id\":\"https:\\\/\\\/myexocam.com\\\/#organization\"},\"potentialAction\":[{\"@type\":\"SearchAction\",\"target\":{\"@type\":\"EntryPoint\",\"urlTemplate\":\"https:\\\/\\\/myexocam.com\\\/?s={search_term_string}\"},\"query-input\":{\"@type\":\"PropertyValueSpecification\",\"valueRequired\":true,\"valueName\":\"search_term_string\"}}],\"inLanguage\":\"en-GB\"},{\"@type\":\"Organization\",\"@id\":\"https:\\\/\\\/myexocam.com\\\/#organization\",\"name\":\"AEF\",\"url\":\"https:\\\/\\\/myexocam.com\\\/\",\"logo\":{\"@type\":\"ImageObject\",\"inLanguage\":\"en-GB\",\"@id\":\"https:\\\/\\\/myexocam.com\\\/#\\\/schema\\\/logo\\\/image\\\/\",\"url\":\"https:\\\/\\\/myexocam.com\\\/wp-content\\\/uploads\\\/2026\\\/01\\\/logo-aef_gliders.png\",\"contentUrl\":\"https:\\\/\\\/myexocam.com\\\/wp-content\\\/uploads\\\/2026\\\/01\\\/logo-aef_gliders.png\",\"width\":147,\"height\":152,\"caption\":\"AEF\"},\"image\":{\"@id\":\"https:\\\/\\\/myexocam.com\\\/#\\\/schema\\\/logo\\\/image\\\/\"},\"sameAs\":[\"https:\\\/\\\/www.youtube.com\\\/channel\\\/UCOLe49i7qbzCspp8mnpmoJg\"]}]}<\/script>\n<!-- \/ Yoast SEO plugin. -->","yoast_head_json":{"title":"Exo en pr\u00e9-commande - Exo &amp; Cameleon","description":"Exo en pr\u00e9-commande : La premi\u00e8re s\u00e9rie EXO sera disponible \u00e0 partir du 15 juin.","robots":{"index":"index","follow":"follow","max-snippet":"max-snippet:-1","max-image-preview":"max-image-preview:large","max-video-preview":"max-video-preview:-1"},"canonical":"https:\/\/myexocam.com\/en\/exo-en-pre-commande\/","og_locale":"en_GB","og_type":"article","og_title":"Exo en pr\u00e9-commande - Exo &amp; Cameleon","og_description":"Exo en pr\u00e9-commande : La premi\u00e8re s\u00e9rie EXO sera disponible \u00e0 partir du 15 juin.","og_url":"https:\/\/myexocam.com\/en\/exo-en-pre-commande\/","og_site_name":"Exo &amp; Cameleon","article_modified_time":"2026-03-16T23:55:57+00:00","twitter_card":"summary_large_image","schema":{"@context":"https:\/\/schema.org","@graph":[{"@type":"WebPage","@id":"https:\/\/myexocam.com\/exo-en-pre-commande\/","url":"https:\/\/myexocam.com\/exo-en-pre-commande\/","name":"Exo en pr\u00e9-commande - Exo &amp; Cameleon","isPartOf":{"@id":"https:\/\/myexocam.com\/#website"},"datePublished":"2026-01-29T12:31:57+00:00","dateModified":"2026-03-16T23:55:57+00:00","description":"Exo en pr\u00e9-commande : La premi\u00e8re s\u00e9rie EXO sera disponible \u00e0 partir du 15 juin.","breadcrumb":{"@id":"https:\/\/myexocam.com\/exo-en-pre-commande\/#breadcrumb"},"inLanguage":"en-GB","potentialAction":[{"@type":"ReadAction","target":["https:\/\/myexocam.com\/exo-en-pre-commande\/"]}]},{"@type":"BreadcrumbList","@id":"https:\/\/myexocam.com\/exo-en-pre-commande\/#breadcrumb","itemListElement":[{"@type":"ListItem","position":1,"name":"Accueil","item":"https:\/\/myexocam.com\/"},{"@type":"ListItem","position":2,"name":"Exo en pr\u00e9-commande"}]},{"@type":"WebSite","@id":"https:\/\/myexocam.com\/#website","url":"https:\/\/myexocam.com\/","name":"Exo & Cameleon","description":"Throttles by Aef-Gliders","publisher":{"@id":"https:\/\/myexocam.com\/#organization"},"potentialAction":[{"@type":"SearchAction","target":{"@type":"EntryPoint","urlTemplate":"https:\/\/myexocam.com\/?s={search_term_string}"},"query-input":{"@type":"PropertyValueSpecification","valueRequired":true,"valueName":"search_term_string"}}],"inLanguage":"en-GB"},{"@type":"Organization","@id":"https:\/\/myexocam.com\/#organization","name":"AEF","url":"https:\/\/myexocam.com\/","logo":{"@type":"ImageObject","inLanguage":"en-GB","@id":"https:\/\/myexocam.com\/#\/schema\/logo\/image\/","url":"https:\/\/myexocam.com\/wp-content\/uploads\/2026\/01\/logo-aef_gliders.png","contentUrl":"https:\/\/myexocam.com\/wp-content\/uploads\/2026\/01\/logo-aef_gliders.png","width":147,"height":152,"caption":"AEF"},"image":{"@id":"https:\/\/myexocam.com\/#\/schema\/logo\/image\/"},"sameAs":["https:\/\/www.youtube.com\/channel\/UCOLe49i7qbzCspp8mnpmoJg"]}]}},"_links":{"self":[{"href":"https:\/\/myexocam.com\/en\/wp-json\/wp\/v2\/pages\/186","targetHints":{"allow":["GET"]}}],"collection":[{"href":"https:\/\/myexocam.com\/en\/wp-json\/wp\/v2\/pages"}],"about":[{"href":"https:\/\/myexocam.com\/en\/wp-json\/wp\/v2\/types\/page"}],"author":[{"embeddable":true,"href":"https:\/\/myexocam.com\/en\/wp-json\/wp\/v2\/users\/1"}],"replies":[{"embeddable":true,"href":"https:\/\/myexocam.com\/en\/wp-json\/wp\/v2\/comments?post=186"}],"version-history":[{"count":5,"href":"https:\/\/myexocam.com\/en\/wp-json\/wp\/v2\/pages\/186\/revisions"}],"predecessor-version":[{"id":514,"href":"https:\/\/myexocam.com\/en\/wp-json\/wp\/v2\/pages\/186\/revisions\/514"}],"wp:attachment":[{"href":"https:\/\/myexocam.com\/en\/wp-json\/wp\/v2\/media?parent=186"}],"curies":[{"name":"wp","href":"https:\/\/api.w.org\/{rel}","templated":true}]}}