{"id":167,"date":"2026-01-29T11:45:42","date_gmt":"2026-01-29T10:45:42","guid":{"rendered":"https:\/\/myexocam.com\/?page_id=167"},"modified":"2026-03-17T00:50:32","modified_gmt":"2026-03-16T23:50:32","slug":"aef-a-la-coupe-icare","status":"publish","type":"page","link":"https:\/\/myexocam.com\/en\/aef-a-la-coupe-icare\/","title":{"rendered":"Aef \u00e0 la coupe Icare"},"content":{"rendered":"<div class=\"et_pb_section_0 et_pb_section et_section_regular et_flex_section\"><\/div>\n\n<div class=\"et_pb_section_1 et_pb_section et_section_regular et_flex_section\">\n<div class=\"et_pb_row_0 et_pb_row et_flex_row\">\n<div class=\"et_pb_column_0 et_pb_column et-last-child et_flex_column et_pb_css_mix_blend_mode_passthrough et_flex_column_24_24 et_flex_column_24_24_tablet et_flex_column_24_24_phone\">\n<div class=\"et_pb_image_0 et_pb_image et_pb_module et_flex_module\"><span class=\"et_pb_image_wrap\"><img loading=\"lazy\" decoding=\"async\" src=\"https:\/\/myexocam.com\/wp-content\/uploads\/2026\/01\/Icare-show-2019-1200x675-1.jpg\" title=\"Icare-show-2019-1200x675\" width=\"1200\" height=\"675\" srcset=\"https:\/\/myexocam.com\/wp-content\/uploads\/2026\/01\/Icare-show-2019-1200x675-1.jpg 1200w, https:\/\/myexocam.com\/wp-content\/uploads\/2026\/01\/Icare-show-2019-1200x675-1-980x551.jpg 980w, https:\/\/myexocam.com\/wp-content\/uploads\/2026\/01\/Icare-show-2019-1200x675-1-480x270.jpg 480w\" sizes=\"(min-width: 0px) and (max-width: 480px) 480px, (min-width: 481px) and (max-width: 980px) 980px, (min-width: 981px) 1200px, 100vw\" class=\"wp-image-170\" \/><\/span><\/div>\n<\/div>\n<\/div>\n<\/div>\n\n<div class=\"et_pb_section_2 et_pb_section et_section_regular et_flex_section\">\n<div class=\"et_pb_row_1 et_pb_row et_flex_row\">\n<div class=\"et_pb_column_1 et_pb_column et-last-child et_flex_column et_pb_css_mix_blend_mode_passthrough et_flex_column_24_24 et_flex_column_24_24_tablet et_flex_column_24_24_phone\">\n<div class=\"et_pb_heading_0 et_pb_heading et_pb_module et_flex_module\"><div class=\"et_pb_heading_container\"><h1 class=\"et_pb_module_header\">AEF at the Icare Cup<\/h1><\/div><\/div>\n<\/div>\n<\/div>\n<\/div>\n\n<div class=\"et_pb_section_3 et_pb_section et_section_regular et_flex_section\">\n<div class=\"et_pb_row_2 et_pb_row et_flex_row\">\n<div class=\"et_pb_column_2 et_pb_column et-last-child et_flex_column et_pb_css_mix_blend_mode_passthrough et_flex_column_24_24 et_flex_column_24_24_tablet et_flex_column_24_24_phone\">\n<div class=\"et_pb_text_0 et_pb_text et_pb_bg_layout_light et_pb_module et_flex_module\"><div class=\"et_pb_text_inner\"><p style=\"text-align: center;\">September 16, 2019<\/p>\n<p>AEF will be present at the Coupe Icare, Stand L2, come and visit us.<br \/>We are reopening online sales. However, order preparation will not begin until Tuesday, September 24th, upon our return from the trade show.<br \/>Thank you for your patience and understanding.<\/p>\n<p>See you soon.<\/p>\n<\/div><\/div>\n<\/div>\n<\/div>\n\n<div class=\"et_pb_row_3 et_pb_row et_flex_row\">\n<div class=\"et_pb_column_3 et_pb_column et-last-child et_flex_column et_pb_css_mix_blend_mode_passthrough et_flex_column_24_24 et_flex_column_24_24_tablet et_flex_column_24_24_phone\">\n<div class=\"et_pb_image_1 et_pb_image et_pb_module et_flex_module\"><span class=\"et_pb_image_wrap\"><img loading=\"lazy\" decoding=\"async\" src=\"https:\/\/myexocam.com\/wp-content\/uploads\/2026\/01\/Icare-show-2019.jpg\" title=\"Icare-show-2019\" width=\"676\" height=\"960\" srcset=\"https:\/\/myexocam.com\/wp-content\/uploads\/2026\/01\/Icare-show-2019.jpg 676w, https:\/\/myexocam.com\/wp-content\/uploads\/2026\/01\/Icare-show-2019-480x682.jpg 480w\" sizes=\"(min-width: 0px) and (max-width: 480px) 480px, (min-width: 481px) 676px, 100vw\" class=\"wp-image-176\" \/><\/span><\/div>\n<\/div>\n<\/div>\n<\/div>\n\n<div class=\"et_pb_section_4 et_pb_section et_section_regular et_flex_section\">\n<div class=\"et_pb_row_4 et_pb_row et_flex_row\">\n<div class=\"et_pb_column_4 et_pb_column et_flex_column et_pb_css_mix_blend_mode_passthrough et_flex_column_12_24 et_flex_column_12_24_tablet et_flex_column_24_24_phone\">\n<ul class=\"et_pb_icon_list_0 et_pb_icon_list et_pb_module et_flex_module\">\n<li class=\"et_pb_icon_list_item_0 et_pb_icon_list_item et_pb_module et_clickable et_flex_module\"><span class=\"et-pb-icon\">&lt;<\/span><div class=\"et_pb_icon_list_text\">Exo is available for pre-order.<\/div><\/li>\n<\/ul>\n<\/div>\n\n<div class=\"et_pb_column_5 et_pb_column et-last-child et_flex_column et_pb_css_mix_blend_mode_passthrough et_flex_column_12_24 et_flex_column_12_24_tablet et_flex_column_24_24_phone\">\n<ul class=\"et_pb_icon_list_1 et_pb_icon_list et_pb_module et_flex_module\">\n<li class=\"et_pb_icon_list_item_1 et_pb_icon_list_item et_pb_module et_clickable et_flex_module\"><span class=\"et-pb-icon\">=<\/span><div class=\"et_pb_icon_list_text\">New Cable Clamp<\/div><\/li>\n<\/ul>\n<\/div>\n<\/div>\n<\/div>","protected":false},"excerpt":{"rendered":"","protected":false},"author":1,"featured_media":0,"parent":0,"menu_order":9,"comment_status":"closed","ping_status":"closed","template":"","meta":{"footnotes":""},"class_list":["post-167","page","type-page","status-publish","hentry"],"yoast_head":"<!-- This site is optimized with the Yoast SEO plugin v27.3 - https:\/\/yoast.com\/product\/yoast-seo-wordpress\/ -->\n<title>Aef \u00e0 la coupe Icare - Exo &amp; Cameleon<\/title>\n<meta name=\"description\" content=\"AEF sera pr\u00e9sent \u00e0 la coupe Icare, Stand L2, venez nous rendre visite.\" \/>\n<meta name=\"robots\" content=\"index, follow, max-snippet:-1, max-image-preview:large, max-video-preview:-1\" \/>\n<link rel=\"canonical\" href=\"https:\/\/myexocam.com\/en\/aef-a-la-coupe-icare\/\" \/>\n<meta property=\"og:locale\" content=\"en_GB\" \/>\n<meta property=\"og:type\" content=\"article\" \/>\n<meta property=\"og:title\" content=\"Aef \u00e0 la coupe Icare - Exo &amp; Cameleon\" \/>\n<meta property=\"og:description\" content=\"AEF sera pr\u00e9sent \u00e0 la coupe Icare, Stand L2, venez nous rendre visite.\" \/>\n<meta property=\"og:url\" content=\"https:\/\/myexocam.com\/en\/aef-a-la-coupe-icare\/\" \/>\n<meta property=\"og:site_name\" content=\"Exo &amp; Cameleon\" \/>\n<meta property=\"article:modified_time\" content=\"2026-03-16T23:50:32+00:00\" \/>\n<meta name=\"twitter:card\" content=\"summary_large_image\" \/>\n<script type=\"application\/ld+json\" class=\"yoast-schema-graph\">{\"@context\":\"https:\\\/\\\/schema.org\",\"@graph\":[{\"@type\":\"WebPage\",\"@id\":\"https:\\\/\\\/myexocam.com\\\/aef-a-la-coupe-icare\\\/\",\"url\":\"https:\\\/\\\/myexocam.com\\\/aef-a-la-coupe-icare\\\/\",\"name\":\"Aef \u00e0 la coupe Icare - Exo &amp; Cameleon\",\"isPartOf\":{\"@id\":\"https:\\\/\\\/myexocam.com\\\/#website\"},\"datePublished\":\"2026-01-29T10:45:42+00:00\",\"dateModified\":\"2026-03-16T23:50:32+00:00\",\"description\":\"AEF sera pr\u00e9sent \u00e0 la coupe Icare, Stand L2, venez nous rendre visite.\",\"breadcrumb\":{\"@id\":\"https:\\\/\\\/myexocam.com\\\/aef-a-la-coupe-icare\\\/#breadcrumb\"},\"inLanguage\":\"en-GB\",\"potentialAction\":[{\"@type\":\"ReadAction\",\"target\":[\"https:\\\/\\\/myexocam.com\\\/aef-a-la-coupe-icare\\\/\"]}]},{\"@type\":\"BreadcrumbList\",\"@id\":\"https:\\\/\\\/myexocam.com\\\/aef-a-la-coupe-icare\\\/#breadcrumb\",\"itemListElement\":[{\"@type\":\"ListItem\",\"position\":1,\"name\":\"Accueil\",\"item\":\"https:\\\/\\\/myexocam.com\\\/\"},{\"@type\":\"ListItem\",\"position\":2,\"name\":\"Aef \u00e0 la coupe Icare\"}]},{\"@type\":\"WebSite\",\"@id\":\"https:\\\/\\\/myexocam.com\\\/#website\",\"url\":\"https:\\\/\\\/myexocam.com\\\/\",\"name\":\"Exo & Cameleon\",\"description\":\"Throttles by Aef-Gliders\",\"publisher\":{\"@id\":\"https:\\\/\\\/myexocam.com\\\/#organization\"},\"potentialAction\":[{\"@type\":\"SearchAction\",\"target\":{\"@type\":\"EntryPoint\",\"urlTemplate\":\"https:\\\/\\\/myexocam.com\\\/?s={search_term_string}\"},\"query-input\":{\"@type\":\"PropertyValueSpecification\",\"valueRequired\":true,\"valueName\":\"search_term_string\"}}],\"inLanguage\":\"en-GB\"},{\"@type\":\"Organization\",\"@id\":\"https:\\\/\\\/myexocam.com\\\/#organization\",\"name\":\"AEF\",\"url\":\"https:\\\/\\\/myexocam.com\\\/\",\"logo\":{\"@type\":\"ImageObject\",\"inLanguage\":\"en-GB\",\"@id\":\"https:\\\/\\\/myexocam.com\\\/#\\\/schema\\\/logo\\\/image\\\/\",\"url\":\"https:\\\/\\\/myexocam.com\\\/wp-content\\\/uploads\\\/2026\\\/01\\\/logo-aef_gliders.png\",\"contentUrl\":\"https:\\\/\\\/myexocam.com\\\/wp-content\\\/uploads\\\/2026\\\/01\\\/logo-aef_gliders.png\",\"width\":147,\"height\":152,\"caption\":\"AEF\"},\"image\":{\"@id\":\"https:\\\/\\\/myexocam.com\\\/#\\\/schema\\\/logo\\\/image\\\/\"},\"sameAs\":[\"https:\\\/\\\/www.youtube.com\\\/channel\\\/UCOLe49i7qbzCspp8mnpmoJg\"]}]}<\/script>\n<!-- \/ Yoast SEO plugin. -->","yoast_head_json":{"title":"Aef \u00e0 la coupe Icare - Exo &amp; Cameleon","description":"AEF will be present at the Coupe Icare, Stand L2, come and visit us.","robots":{"index":"index","follow":"follow","max-snippet":"max-snippet:-1","max-image-preview":"max-image-preview:large","max-video-preview":"max-video-preview:-1"},"canonical":"https:\/\/myexocam.com\/en\/aef-a-la-coupe-icare\/","og_locale":"en_GB","og_type":"article","og_title":"Aef \u00e0 la coupe Icare - Exo &amp; Cameleon","og_description":"AEF sera pr\u00e9sent \u00e0 la coupe Icare, Stand L2, venez nous rendre visite.","og_url":"https:\/\/myexocam.com\/en\/aef-a-la-coupe-icare\/","og_site_name":"Exo &amp; Cameleon","article_modified_time":"2026-03-16T23:50:32+00:00","twitter_card":"summary_large_image","schema":{"@context":"https:\/\/schema.org","@graph":[{"@type":"WebPage","@id":"https:\/\/myexocam.com\/aef-a-la-coupe-icare\/","url":"https:\/\/myexocam.com\/aef-a-la-coupe-icare\/","name":"Aef \u00e0 la coupe Icare - Exo &amp; Cameleon","isPartOf":{"@id":"https:\/\/myexocam.com\/#website"},"datePublished":"2026-01-29T10:45:42+00:00","dateModified":"2026-03-16T23:50:32+00:00","description":"AEF will be present at the Coupe Icare, Stand L2, come and visit us.","breadcrumb":{"@id":"https:\/\/myexocam.com\/aef-a-la-coupe-icare\/#breadcrumb"},"inLanguage":"en-GB","potentialAction":[{"@type":"ReadAction","target":["https:\/\/myexocam.com\/aef-a-la-coupe-icare\/"]}]},{"@type":"BreadcrumbList","@id":"https:\/\/myexocam.com\/aef-a-la-coupe-icare\/#breadcrumb","itemListElement":[{"@type":"ListItem","position":1,"name":"Accueil","item":"https:\/\/myexocam.com\/"},{"@type":"ListItem","position":2,"name":"Aef \u00e0 la coupe Icare"}]},{"@type":"WebSite","@id":"https:\/\/myexocam.com\/#website","url":"https:\/\/myexocam.com\/","name":"Exo & Cameleon","description":"Throttles by Aef-Gliders","publisher":{"@id":"https:\/\/myexocam.com\/#organization"},"potentialAction":[{"@type":"SearchAction","target":{"@type":"EntryPoint","urlTemplate":"https:\/\/myexocam.com\/?s={search_term_string}"},"query-input":{"@type":"PropertyValueSpecification","valueRequired":true,"valueName":"search_term_string"}}],"inLanguage":"en-GB"},{"@type":"Organization","@id":"https:\/\/myexocam.com\/#organization","name":"AEF","url":"https:\/\/myexocam.com\/","logo":{"@type":"ImageObject","inLanguage":"en-GB","@id":"https:\/\/myexocam.com\/#\/schema\/logo\/image\/","url":"https:\/\/myexocam.com\/wp-content\/uploads\/2026\/01\/logo-aef_gliders.png","contentUrl":"https:\/\/myexocam.com\/wp-content\/uploads\/2026\/01\/logo-aef_gliders.png","width":147,"height":152,"caption":"AEF"},"image":{"@id":"https:\/\/myexocam.com\/#\/schema\/logo\/image\/"},"sameAs":["https:\/\/www.youtube.com\/channel\/UCOLe49i7qbzCspp8mnpmoJg"]}]}},"_links":{"self":[{"href":"https:\/\/myexocam.com\/en\/wp-json\/wp\/v2\/pages\/167","targetHints":{"allow":["GET"]}}],"collection":[{"href":"https:\/\/myexocam.com\/en\/wp-json\/wp\/v2\/pages"}],"about":[{"href":"https:\/\/myexocam.com\/en\/wp-json\/wp\/v2\/types\/page"}],"author":[{"embeddable":true,"href":"https:\/\/myexocam.com\/en\/wp-json\/wp\/v2\/users\/1"}],"replies":[{"embeddable":true,"href":"https:\/\/myexocam.com\/en\/wp-json\/wp\/v2\/comments?post=167"}],"version-history":[{"count":15,"href":"https:\/\/myexocam.com\/en\/wp-json\/wp\/v2\/pages\/167\/revisions"}],"predecessor-version":[{"id":513,"href":"https:\/\/myexocam.com\/en\/wp-json\/wp\/v2\/pages\/167\/revisions\/513"}],"wp:attachment":[{"href":"https:\/\/myexocam.com\/en\/wp-json\/wp\/v2\/media?parent=167"}],"curies":[{"name":"wp","href":"https:\/\/api.w.org\/{rel}","templated":true}]}}